{"id":885,"date":"2025-03-30T03:18:31","date_gmt":"2025-03-30T03:18:31","guid":{"rendered":"https:\/\/geneva-fs.com\/?page_id=885"},"modified":"2025-03-30T07:55:26","modified_gmt":"2025-03-30T07:55:26","slug":"equipe","status":"publish","type":"page","link":"https:\/\/geneva-fs.com\/en\/equipe\/","title":{"rendered":"Team"},"content":{"rendered":"<div id=\"fws_69e1793e45a77\"  data-column-margin=\"default\" data-midnight=\"light\"  class=\"wpb_row vc_row-fluid vc_row full-width-section\"  style=\"padding-top: 192px; padding-bottom: 128px; \"><div class=\"row-bg-wrap\" data-bg-animation=\"none\" data-bg-animation-delay=\"\" data-bg-overlay=\"true\"><div class=\"inner-wrap row-bg-layer using-image\" ><div class=\"row-bg viewport-desktop using-image\"  style=\"background-image: url(https:\/\/geneva-fs.com\/wp-content\/uploads\/2021\/11\/austin-distel-wawEfYdpkag-unsplash-scaled-small.jpg); background-position: center center; background-repeat: no-repeat; \"><\/div><\/div><div class=\"row-bg-overlay row-bg-layer\" style=\"background-color:#000000;  opacity: 0.3; \"><\/div><\/div><div class=\"row_col_wrap_12 col span_12 light left\">\n\t<div  class=\"vc_col-sm-12 wpb_column column_container vc_column_container col centered-text no-extra-padding inherit_tablet inherit_phone\"  data-padding-pos=\"all\" data-has-bg-color=\"false\" data-bg-color=\"\" data-bg-opacity=\"1\" data-animation=\"\" data-delay=\"0\" >\n\t\t<div class=\"vc_column-inner\" >\n\t\t\t<div class=\"wpb_wrapper\">\n\t\t\t\t<div class=\"nectar-responsive-text nectar-link-underline-effect\"><h1>A team dedicated to your success<\/h1>\n<\/div><div class=\"nectar-responsive-text nectar-link-underline-effect\" style=\"max-width: 540px;\"><p>At GENEVA FINANCIAL SOLUTIONS SA we take pride in our team of 10 dedicated professionals, including 3 specialized experts, who are here to support you with all your financial needs. Each member of our team brings sharp expertise and valuable experience to provide you with the highest quality services.<\/p>\n<\/div><div class=\"nectar-next-section-wrap minimal-arrow alignment_tablet_default alignment_phone_default display_tablet_inherit display_phone_inherit\" style=\"margin-top: 64px; \" data-align=\"center\" data-custom-color=\"false\">\n    <a href=\"#\" class=\"nectar-next-section skip-hash\">\n      <span class=\"screen-reader-text\">Navigate to the next section<\/span>\n      <svg class=\"next-arrow\" width=\"40px\" height=\"68px\" viewbox=\"0 0 40 50\" xml:space=\"preserve\">\n      <path stroke=\"#ffffff\" stroke-width=\"2\" fill=\"none\" d=\"M 20 0 L 20 51\"><\/path>\n      <polyline stroke=\"#ffffff\" stroke-width=\"2\" fill=\"none\" points=\"12, 44 20, 52 28, 44\"><\/polyline>\n      <\/svg>\n    <\/a>\n  <\/div>\n\t\t\t<\/div> \n\t\t<\/div>\n\t<\/div> \n<\/div><\/div>\n\t\t<div id=\"immobilier\"  data-column-margin=\"none\" data-midnight=\"dark\"  class=\"wpb_row vc_row-fluid vc_row full-width-section vc_row-o-equal-height vc_row-flex vc_row-o-content-middle  right_padding_32px left_padding_32px top_padding_tablet_64px top_padding_phone_32px bottom_padding_tablet_64px bottom_padding_phone_32px right_padding_tablet_0px left_padding_tablet_0px\"  style=\"padding-top: 96px; padding-bottom: 96px; \"><div class=\"row-bg-wrap\" data-bg-animation=\"none\" data-bg-animation-delay=\"\" data-bg-overlay=\"false\"><div class=\"inner-wrap row-bg-layer\" ><div class=\"row-bg viewport-desktop\"  style=\"\"><\/div><\/div><\/div><div class=\"row_col_wrap_12 col span_12 dark left\">\n\t<div  class=\"vc_col-sm-2\/5 wpb_column column_container vc_column_container col has-animation column_position_static el_spacing_30px top_padding_tablet_32px right_padding_desktop_96px right_padding_tablet_0px\"  data-padding-pos=\"all\" data-has-bg-color=\"false\" data-bg-color=\"\" data-bg-opacity=\"1\" data-animation=\"fade-in\" data-delay=\"0\" >\n\t\t<div class=\"vc_column-inner\" >\n\t\t\t<div class=\"wpb_wrapper\">\n\t\t\t\t\n<div class=\"wpb_text_column wpb_content_element\" >\n\t<div class=\"wpb_wrapper\">\n\t\t<h5>Geneva Financial Solutions<\/h5>\n<h2>Our partners<\/h2>\n\t<\/div>\n<\/div>\n\n\n\n\n\t\t\t<\/div> \n\t\t<\/div>\n\t<\/div> \n\n\t<div  class=\"vc_col-sm-3\/5 wpb_column column_container vc_column_container col has-animation no-extra-padding column_position_relative el_spacing_0px inherit_tablet inherit_phone\"  data-overlay-color=\"true\" data-padding-pos=\"all\" data-has-bg-color=\"false\" data-bg-color=\"\" data-bg-opacity=\"1\" data-animation=\"fade-in\" data-delay=\"0\" >\n\t\t<div class=\"vc_column-inner\" ><div class=\"column-bg-overlay-wrap column-bg-layer\" data-bg-animation=\"none\"><div class=\"column-bg-overlay\"><\/div><div class=\"column-overlay-layer\" style=\"\"><\/div><\/div>\n\t\t\t<div class=\"wpb_wrapper\">\n\t\t\t\t<div id=\"fws_69e1793e4785c\" data-midnight=\"\" data-column-margin=\"default\" class=\"wpb_row vc_row-fluid vc_row inner_row\"  style=\"\"><div class=\"row-bg-wrap\"> <div class=\"row-bg\" ><\/div> <\/div><div class=\"row_col_wrap_12_inner col span_12  left\">\n\t<div  class=\"vc_col-sm-6 wpb_column column_container vc_column_container col child_column no-extra-padding inherit_tablet inherit_phone\"   data-padding-pos=\"all\" data-has-bg-color=\"false\" data-bg-color=\"\" data-bg-opacity=\"1\" data-animation=\"\" data-delay=\"0\" >\n\t\t<div class=\"vc_column-inner\" >\n\t\t<div class=\"wpb_wrapper\">\n\t\t\t<div class=\"team-member\" data-n-parallax-bg=\"true\" data-parallax-speed=\"subtle\" data-style=\"bio_fullscreen_alt\"><div class=\"team-member-image\"><div class=\"team-member-image-inner\"><div class=\"nectar-el-parallax-scroll\" data-scroll-animation=\"true\" data-scroll-animation-mobile=\"true\" data-scroll-animation-intensity=\"-0.7\" data-scroll-animation-lerp=\"1\"><div class=\"vc_column-inner\"><img loading=\"lazy\" decoding=\"async\" src=\"https:\/\/geneva-fs.com\/wp-content\/uploads\/2025\/03\/luca-gliozzi-1024x1024.jpg\" width=\"500\" height=\"500\" alt=\"\" \/><\/div><\/div><\/div><\/div><div class=\"team-member-overlay\"><\/div>\n    <div class=\"team-meta\"><h5>Head of Tax Department<\/h5><h3>Luca Gliozzi<\/h3><p>Head of Tax Department<\/p><div class=\"nectar-cta\" data-color=\"default\" data-using-bg=\"false\" data-style=\"arrow-animation\" data-display=\"block\" data-alignment=\"left\"><span class=\"link_wrap\"><a class=\"link_text\" href=\"#\"><svg class=\"next-arrow\" width=\"20px\" height=\"25px\" viewbox=\"0 0 50 80\" xml:space=\"preserve\">\n        <polyline stroke=\"#000000\" stroke-width=\"9\" fill=\"none\" stroke-linecap=\"round\" stroke-linejoin=\"round\" points=\"0, 0 45, 40 0, 80\"><\/polyline>\n        <\/svg><span class=\"line\" style=\"background-color: #000;\"><\/span> <\/a><\/span><\/div><\/div>\n    <div class=\"nectar_team_bio_img\" data-img-src=\"https:\/\/geneva-fs.com\/wp-content\/uploads\/2025\/03\/luca-gliozzi.jpg\"><\/div>\n    <div class=\"nectar_team_bio\"><p>Specialist in International Taxation &amp; Financial Planning<\/p>\n<p>With over 20 years of experience, Luca Gliozzi assists expatriates, families with complex wealth structures, and international officials in managing their taxation and optimizing their assets. His pragmatic and tailored approach helps navigate the challenges of international tax environments.<\/p>\n<p>With a strong background in financial planning and international relations, along with a certification in trust management and wealth structuring (STEP, UK), Luca leverages his expertise to provide individuals and professionals with effective and customized solutions for cross-border situations.<\/p>\n<p>A multilingual professional \u2013 fluent in French, English, Spanish, and Italian \u2013 he ensures seamless communication with an international clientele, offering transparent, personalized, and optimized strategies.<\/p>\n<p>Luca and his team also advise and support Swiss companies in their tax matters, helping them efficiently navigate their local and international obligations.<\/p>\n<p>Looking for expert guidance in tax and wealth planning? Luca and his team provide clear, precise, and tailored solutions.<\/p>\n<div class=\"bottom_meta\"><a href=\"mailto:lg@geneva-fs.com\" target=\"_blank\"><i class=\"icon-default-style fa fa-envelope-square\"><\/i><\/a><a href=\"https:\/\/linkedin.com\/in\/lucagliozzi\/\" target=\"_blank\"><i class=\"icon-default-style fa fa-linkedin-square\"><\/i><\/a><\/div><\/div>\n    <\/div>\n\t\t<\/div> \n\t<\/div>\n\t<\/div> \n\n\t<div  class=\"vc_col-sm-6 wpb_column column_container vc_column_container col child_column no-extra-padding inherit_tablet inherit_phone\"   data-padding-pos=\"all\" data-has-bg-color=\"false\" data-bg-color=\"\" data-bg-opacity=\"1\" data-animation=\"\" data-delay=\"0\" >\n\t\t<div class=\"vc_column-inner\" >\n\t\t<div class=\"wpb_wrapper\">\n\t\t\t\n\t\t<\/div> \n\t<\/div>\n\t<\/div> \n<\/div><\/div>\n\t\t\t<\/div> \n\t\t<\/div>\n\t<\/div> \n<\/div><\/div>\n\t\t<div id=\"fws_69e1793e4962b\"  data-column-margin=\"default\" data-midnight=\"light\"  class=\"wpb_row vc_row-fluid vc_row full-width-section\"  style=\"padding-top: 160px; padding-bottom: 160px; \"><div class=\"row-bg-wrap\" data-bg-animation=\"none\" data-bg-animation-delay=\"\" data-bg-overlay=\"true\"><div class=\"inner-wrap row-bg-layer using-image\" ><div class=\"row-bg viewport-desktop using-image\"  style=\"background-image: url(https:\/\/geneva-fs.com\/wp-content\/uploads\/2024\/07\/Office-Desk.jpg); background-position: center center; background-repeat: no-repeat; \"><\/div><\/div><div class=\"row-bg-overlay row-bg-layer\" style=\"background-color:#000000;  opacity: 0.3; \"><\/div><\/div><div class=\"row_col_wrap_12 col span_12 light left\">\n\t<div  class=\"vc_col-sm-12 wpb_column column_container vc_column_container col centered-text no-extra-padding inherit_tablet inherit_phone\"  data-padding-pos=\"all\" data-has-bg-color=\"false\" data-bg-color=\"\" data-bg-opacity=\"1\" data-animation=\"\" data-delay=\"0\" >\n\t\t<div class=\"vc_column-inner\" >\n\t\t\t<div class=\"wpb_wrapper\">\n\t\t\t\t<div class=\"nectar-responsive-text nectar-link-underline-effect\"><h1>Contact us<\/h1>\n<\/div><div class=\"nectar-responsive-text nectar-link-underline-effect\" style=\"max-width: 540px;\"><p>At GENEVA FINACIAL SOLUTIONS SA you are not just working with professionals; you are partnering with a team committed to helping you achieve your financial goals with efficiency and peace of mind.<\/p>\n<\/div><div class=\"nectar-cta  border_color_cccccc hover_border_color_ffffff border_thickness_1px alignment_tablet_default alignment_phone_default display_tablet_inherit display_phone_inherit\" data-color=\"default\" data-using-bg=\"false\" data-style=\"arrow-animation\" data-display=\"block\" data-alignment=\"center\" data-text-color=\"std\" style=\"margin-top: 48px; \"><h6><span class=\"link_wrap\" style=\"padding-top: 12px; padding-right: 32px; padding-bottom: 12px; padding-left: 32px;\"><a  class=\"link_text\" role=\"button\" href=\"\/en\/contact\/\"><span class=\"text\">Contact us<\/span><svg class=\"next-arrow\" aria-hidden=\"true\" width=\"20px\" height=\"25px\" viewbox=\"0 0 50 80\" xml:space=\"preserve\">\n  <polyline stroke=\"#ffffff\" stroke-width=\"9\" fill=\"none\" stroke-linecap=\"round\" stroke-linejoin=\"round\" points=\"0, 0 45, 40 0, 80\"\/>\n  <\/svg>  <span class=\"line\" ><\/span> <\/a><\/span><\/h6><\/div>\n\t\t\t<\/div> \n\t\t<\/div>\n\t<\/div> \n<\/div><\/div>","protected":false},"excerpt":{"rendered":"Une \u00e9quipe d\u00e9di\u00e9e \u00e0 votre succ\u00e8s Chez GENEVA FINANCIAL SOLUTIONS SA nous sommes fiers de pouvoir compter sur une \u00e9quipe de 10 professionnels d\u00e9vou\u00e9s, dont 3 experts sp\u00e9cialis\u00e9s, pour vous...","protected":false},"author":1,"featured_media":0,"parent":0,"menu_order":0,"comment_status":"closed","ping_status":"closed","template":"","meta":{"footnotes":""},"class_list":["post-885","page","type-page","status-publish"],"yoast_head":"<!-- This site is optimized with the Yoast SEO plugin v27.4 - https:\/\/yoast.com\/product\/yoast-seo-wordpress\/ -->\n<title>\u00c9quipe - Geneva Financial Solutions<\/title>\n<meta name=\"robots\" content=\"index, follow, max-snippet:-1, max-image-preview:large, max-video-preview:-1\" \/>\n<link rel=\"canonical\" href=\"https:\/\/geneva-fs.com\/en\/equipe\/\" \/>\n<meta property=\"og:locale\" content=\"en_US\" \/>\n<meta property=\"og:type\" content=\"article\" \/>\n<meta property=\"og:title\" content=\"\u00c9quipe - Geneva Financial Solutions\" \/>\n<meta property=\"og:url\" content=\"https:\/\/geneva-fs.com\/en\/equipe\/\" \/>\n<meta property=\"og:site_name\" content=\"Geneva Financial Solutions\" \/>\n<meta property=\"article:modified_time\" content=\"2025-03-30T07:55:26+00:00\" \/>\n<meta name=\"twitter:card\" content=\"summary_large_image\" \/>\n<meta name=\"twitter:label1\" content=\"Est. reading time\" \/>\n\t<meta name=\"twitter:data1\" content=\"12 minutes\" \/>\n<script type=\"application\/ld+json\" class=\"yoast-schema-graph\">{\"@context\":\"https:\\\/\\\/schema.org\",\"@graph\":[{\"@type\":\"WebPage\",\"@id\":\"https:\\\/\\\/geneva-fs.com\\\/equipe\\\/\",\"url\":\"https:\\\/\\\/geneva-fs.com\\\/equipe\\\/\",\"name\":\"\u00c9quipe - Geneva Financial Solutions\",\"isPartOf\":{\"@id\":\"https:\\\/\\\/geneva-fs.com\\\/#website\"},\"datePublished\":\"2025-03-30T03:18:31+00:00\",\"dateModified\":\"2025-03-30T07:55:26+00:00\",\"breadcrumb\":{\"@id\":\"https:\\\/\\\/geneva-fs.com\\\/equipe\\\/#breadcrumb\"},\"inLanguage\":\"en-US\",\"potentialAction\":[{\"@type\":\"ReadAction\",\"target\":[\"https:\\\/\\\/geneva-fs.com\\\/equipe\\\/\"]}]},{\"@type\":\"BreadcrumbList\",\"@id\":\"https:\\\/\\\/geneva-fs.com\\\/equipe\\\/#breadcrumb\",\"itemListElement\":[{\"@type\":\"ListItem\",\"position\":1,\"name\":\"Home\",\"item\":\"https:\\\/\\\/geneva-fs.com\\\/\"},{\"@type\":\"ListItem\",\"position\":2,\"name\":\"\u00c9quipe\"}]},{\"@type\":\"WebSite\",\"@id\":\"https:\\\/\\\/geneva-fs.com\\\/#website\",\"url\":\"https:\\\/\\\/geneva-fs.com\\\/\",\"name\":\"Geneva Financial Solutions\",\"description\":\"\",\"publisher\":{\"@id\":\"https:\\\/\\\/geneva-fs.com\\\/#organization\"},\"potentialAction\":[{\"@type\":\"SearchAction\",\"target\":{\"@type\":\"EntryPoint\",\"urlTemplate\":\"https:\\\/\\\/geneva-fs.com\\\/?s={search_term_string}\"},\"query-input\":{\"@type\":\"PropertyValueSpecification\",\"valueRequired\":true,\"valueName\":\"search_term_string\"}}],\"inLanguage\":\"en-US\"},{\"@type\":\"Organization\",\"@id\":\"https:\\\/\\\/geneva-fs.com\\\/#organization\",\"name\":\"Geneva Financial Solutions\",\"url\":\"https:\\\/\\\/geneva-fs.com\\\/\",\"logo\":{\"@type\":\"ImageObject\",\"inLanguage\":\"en-US\",\"@id\":\"https:\\\/\\\/geneva-fs.com\\\/#\\\/schema\\\/logo\\\/image\\\/\",\"url\":\"https:\\\/\\\/geneva-fs.com\\\/wp-content\\\/uploads\\\/2024\\\/08\\\/Geneva-FS-Logo-Dark.png\",\"contentUrl\":\"https:\\\/\\\/geneva-fs.com\\\/wp-content\\\/uploads\\\/2024\\\/08\\\/Geneva-FS-Logo-Dark.png\",\"width\":659,\"height\":296,\"caption\":\"Geneva Financial Solutions\"},\"image\":{\"@id\":\"https:\\\/\\\/geneva-fs.com\\\/#\\\/schema\\\/logo\\\/image\\\/\"}}]}<\/script>\n<!-- \/ Yoast SEO plugin. -->","yoast_head_json":{"title":"\u00c9quipe - Geneva Financial Solutions","robots":{"index":"index","follow":"follow","max-snippet":"max-snippet:-1","max-image-preview":"max-image-preview:large","max-video-preview":"max-video-preview:-1"},"canonical":"https:\/\/geneva-fs.com\/en\/equipe\/","og_locale":"en_US","og_type":"article","og_title":"\u00c9quipe - Geneva Financial Solutions","og_url":"https:\/\/geneva-fs.com\/en\/equipe\/","og_site_name":"Geneva Financial Solutions","article_modified_time":"2025-03-30T07:55:26+00:00","twitter_card":"summary_large_image","twitter_misc":{"Est. reading time":"12 minutes"},"schema":{"@context":"https:\/\/schema.org","@graph":[{"@type":"WebPage","@id":"https:\/\/geneva-fs.com\/equipe\/","url":"https:\/\/geneva-fs.com\/equipe\/","name":"\u00c9quipe - Geneva Financial Solutions","isPartOf":{"@id":"https:\/\/geneva-fs.com\/#website"},"datePublished":"2025-03-30T03:18:31+00:00","dateModified":"2025-03-30T07:55:26+00:00","breadcrumb":{"@id":"https:\/\/geneva-fs.com\/equipe\/#breadcrumb"},"inLanguage":"en-US","potentialAction":[{"@type":"ReadAction","target":["https:\/\/geneva-fs.com\/equipe\/"]}]},{"@type":"BreadcrumbList","@id":"https:\/\/geneva-fs.com\/equipe\/#breadcrumb","itemListElement":[{"@type":"ListItem","position":1,"name":"Home","item":"https:\/\/geneva-fs.com\/"},{"@type":"ListItem","position":2,"name":"\u00c9quipe"}]},{"@type":"WebSite","@id":"https:\/\/geneva-fs.com\/#website","url":"https:\/\/geneva-fs.com\/","name":"Geneva Financial Solutions","description":"","publisher":{"@id":"https:\/\/geneva-fs.com\/#organization"},"potentialAction":[{"@type":"SearchAction","target":{"@type":"EntryPoint","urlTemplate":"https:\/\/geneva-fs.com\/?s={search_term_string}"},"query-input":{"@type":"PropertyValueSpecification","valueRequired":true,"valueName":"search_term_string"}}],"inLanguage":"en-US"},{"@type":"Organization","@id":"https:\/\/geneva-fs.com\/#organization","name":"Geneva Financial Solutions","url":"https:\/\/geneva-fs.com\/","logo":{"@type":"ImageObject","inLanguage":"en-US","@id":"https:\/\/geneva-fs.com\/#\/schema\/logo\/image\/","url":"https:\/\/geneva-fs.com\/wp-content\/uploads\/2024\/08\/Geneva-FS-Logo-Dark.png","contentUrl":"https:\/\/geneva-fs.com\/wp-content\/uploads\/2024\/08\/Geneva-FS-Logo-Dark.png","width":659,"height":296,"caption":"Geneva Financial Solutions"},"image":{"@id":"https:\/\/geneva-fs.com\/#\/schema\/logo\/image\/"}}]}},"_links":{"self":[{"href":"https:\/\/geneva-fs.com\/en\/wp-json\/wp\/v2\/pages\/885","targetHints":{"allow":["GET"]}}],"collection":[{"href":"https:\/\/geneva-fs.com\/en\/wp-json\/wp\/v2\/pages"}],"about":[{"href":"https:\/\/geneva-fs.com\/en\/wp-json\/wp\/v2\/types\/page"}],"author":[{"embeddable":true,"href":"https:\/\/geneva-fs.com\/en\/wp-json\/wp\/v2\/users\/1"}],"replies":[{"embeddable":true,"href":"https:\/\/geneva-fs.com\/en\/wp-json\/wp\/v2\/comments?post=885"}],"version-history":[{"count":26,"href":"https:\/\/geneva-fs.com\/en\/wp-json\/wp\/v2\/pages\/885\/revisions"}],"predecessor-version":[{"id":913,"href":"https:\/\/geneva-fs.com\/en\/wp-json\/wp\/v2\/pages\/885\/revisions\/913"}],"wp:attachment":[{"href":"https:\/\/geneva-fs.com\/en\/wp-json\/wp\/v2\/media?parent=885"}],"curies":[{"name":"wp","href":"https:\/\/api.w.org\/{rel}","templated":true}]}}