{"id":816,"date":"2024-08-23T10:18:20","date_gmt":"2024-08-23T10:18:20","guid":{"rendered":"https:\/\/geneva-fs.truthand.co\/?page_id=816"},"modified":"2024-08-24T08:21:32","modified_gmt":"2024-08-24T08:21:32","slug":"international","status":"publish","type":"page","link":"https:\/\/geneva-fs.com\/en\/international\/","title":{"rendered":"International"},"content":{"rendered":"<div id=\"fws_69e18b838257e\"  data-column-margin=\"default\" data-midnight=\"light\"  class=\"wpb_row vc_row-fluid vc_row full-width-section\"  style=\"padding-top: 192px; padding-bottom: 128px; \"><div class=\"row-bg-wrap\" data-bg-animation=\"none\" data-bg-animation-delay=\"\" data-bg-overlay=\"true\"><div class=\"inner-wrap row-bg-layer using-image\" ><div class=\"row-bg viewport-desktop using-image\"  style=\"background-image: url(https:\/\/geneva-fs.com\/wp-content\/uploads\/2024\/08\/un.jpg); background-position: center center; background-repeat: no-repeat; \"><\/div><\/div><div class=\"row-bg-overlay row-bg-layer\" style=\"background-color:#000000;  opacity: 0.3; \"><\/div><\/div><div class=\"row_col_wrap_12 col span_12 light left\">\n\t<div  class=\"vc_col-sm-12 wpb_column column_container vc_column_container col centered-text no-extra-padding inherit_tablet inherit_phone\"  data-padding-pos=\"all\" data-has-bg-color=\"false\" data-bg-color=\"\" data-bg-opacity=\"1\" data-animation=\"\" data-delay=\"0\" >\n\t\t<div class=\"vc_column-inner\" >\n\t\t\t<div class=\"wpb_wrapper\">\n\t\t\t\t<div class=\"nectar-responsive-text nectar-link-underline-effect\" style=\"max-width: 960px;\"><h1>Services for Individuals from Abroad<\/h1>\n<\/div><div class=\"nectar-responsive-text nectar-link-underline-effect\" style=\"max-width: 540px;\"><p>At Geneva Financial Solutions SA, we specialize in supporting individuals from abroad, covering not only Geneva but also other Swiss cantons. With our deep expertise, knowledge of local regulations, and a multilingual team fluent in English, Spanish, Italian, and French, we offer a comprehensive range of services to facilitate all your procedures and meet the specific needs of expatriates, employees and consultants of international organizations, as well as wealthy individuals looking to establish themselves in Switzerland.<\/p>\n<\/div><div class=\"nectar-next-section-wrap minimal-arrow alignment_tablet_default alignment_phone_default display_tablet_inherit display_phone_inherit\" style=\"margin-top: 64px; \" data-align=\"center\" data-custom-color=\"false\">\n    <a href=\"#\" class=\"nectar-next-section skip-hash\">\n      <span class=\"screen-reader-text\">Navigate to the next section<\/span>\n      <svg class=\"next-arrow\" width=\"40px\" height=\"68px\" viewbox=\"0 0 40 50\" xml:space=\"preserve\">\n      <path stroke=\"#ffffff\" stroke-width=\"2\" fill=\"none\" d=\"M 20 0 L 20 51\"><\/path>\n      <polyline stroke=\"#ffffff\" stroke-width=\"2\" fill=\"none\" points=\"12, 44 20, 52 28, 44\"><\/polyline>\n      <\/svg>\n    <\/a>\n  <\/div>\n\t\t\t<\/div> \n\t\t<\/div>\n\t<\/div> \n<\/div><\/div>\n\t\t<div id=\"employes\"  data-column-margin=\"none\" data-midnight=\"dark\"  class=\"wpb_row vc_row-fluid vc_row full-width-section vc_row-o-equal-height vc_row-flex vc_row-o-content-middle  right_padding_32px left_padding_32px reverse_columns_column_tablet reverse_columns_column_phone top_padding_tablet_64px top_padding_phone_32px bottom_padding_tablet_64px bottom_padding_phone_32px right_padding_tablet_0px left_padding_tablet_0px\"  style=\"padding-top: 96px; padding-bottom: 96px; \"><div class=\"row-bg-wrap\" data-bg-animation=\"none\" data-bg-animation-delay=\"\" data-bg-overlay=\"false\"><div class=\"inner-wrap row-bg-layer\" ><div class=\"row-bg viewport-desktop\"  style=\"\"><\/div><\/div><\/div><div class=\"row_col_wrap_12 col span_12 dark left\">\n\t<div  class=\"vc_col-sm-6 wpb_column column_container vc_column_container col has-animation column_position_static el_spacing_30px top_padding_tablet_32px right_padding_desktop_64px right_padding_tablet_0px\"  data-padding-pos=\"all\" data-has-bg-color=\"false\" data-bg-color=\"\" data-bg-opacity=\"1\" data-animation=\"fade-in\" data-delay=\"0\" >\n\t\t<div class=\"vc_column-inner\" >\n\t\t\t<div class=\"wpb_wrapper\">\n\t\t\t\t\n<div class=\"wpb_text_column wpb_content_element\" >\n\t<div class=\"wpb_wrapper\">\n\t\t<h5>International Organizations<\/h5>\n<h2>Employees or Consultants<\/h2>\n\t<\/div>\n<\/div>\n\n\n\n\n<div class=\"wpb_text_column wpb_content_element\" >\n\t<div class=\"wpb_wrapper\">\n\t\t<p>If you are an employee or external consultant for an international organization such as the UN or a foundation, we offer specialized services in tax and social security matters.<\/p>\n\t<\/div>\n<\/div>\n\n\n\n<div class=\"nectar-fancy-ul font_line_height_1-6\" data-list-icon=\"icon-salient-check\" data-animation=\"false\" data-animation-delay=\"0\" data-color=\"accent-color\" data-spacing=\"10px\" data-alignment=\"left\"> \n<ul>\n<li><strong>Specific tax advice:<\/strong> We assist you in managing your tax obligations, including if you are considering purchasing a home in Switzerland. We help you understand and comply with the necessary declaration requirements.<\/li>\n<li><strong>External consultants:<\/strong> If you are an external consultant, in addition to completing tax declarations, we support you in dealing with Swiss social security procedures to ensure your compliance with local regulations.<\/li>\n<\/ul>\n <\/div><div class=\"nectar-cta  alignment_tablet_default alignment_phone_default display_tablet_inherit display_phone_inherit\" data-color=\"default\" data-using-bg=\"false\" data-style=\"arrow-animation\" data-display=\"block\" data-alignment=\"left\" data-text-color=\"custom\" ><span style=\"color: #019640;\" class=\"nectar-button-type\"><span class=\"link_wrap\" ><a  class=\"link_text\" role=\"button\" href=\"\/en\/contact\/\"><span class=\"text\">Contact us<\/span><svg class=\"next-arrow\" aria-hidden=\"true\" width=\"20px\" height=\"25px\" viewbox=\"0 0 50 80\" xml:space=\"preserve\">\n  <polyline stroke=\"#ffffff\" stroke-width=\"9\" fill=\"none\" stroke-linecap=\"round\" stroke-linejoin=\"round\" points=\"0, 0 45, 40 0, 80\"\/>\n  <\/svg>  <span class=\"line\"  style=\"background-color: #019640;\"><\/span> <\/a><\/span><\/span><\/div>\n\t\t\t<\/div> \n\t\t<\/div>\n\t<\/div> \n\n\t<div style=\"\" class=\"vc_col-sm-6 wpb_column column_container vc_column_container col has-animation column_position_relative el_spacing_0px col-overflow-hidden\" data-using-bg=\"true\" data-overlay-color=\"true\" data-bg-cover=\"true\" data-padding-pos=\"all\" data-has-bg-color=\"false\" data-bg-color=\"\" data-bg-opacity=\"1\" data-animation=\"fade-in\" data-delay=\"0\" >\n\t\t<div class=\"vc_column-inner\" ><div class=\"column-image-bg-wrap column-bg-layer viewport-desktop\" data-bg-pos=\"center top\" data-bg-animation=\"none\" data-bg-overlay=\"false\"><div class=\"inner-wrap\"><div class=\"column-image-bg\" style=\" background-image: url('https:\/\/geneva-fs.com\/wp-content\/uploads\/2024\/08\/un-building.jpg'); \"><\/div><\/div><\/div><div class=\"column-bg-overlay-wrap column-bg-layer\" data-bg-animation=\"none\"><div class=\"column-bg-overlay\"><\/div><div class=\"column-overlay-layer\" style=\"\"><\/div><\/div>\n\t\t\t<div class=\"wpb_wrapper\">\n\t\t\t\t<div class=\"divider-wrap height_tablet_320px\" data-alignment=\"default\"><div style=\"height: 512px;\" class=\"divider\"><\/div><\/div>\n\t\t\t<\/div> \n\t\t<\/div>\n\t<\/div> \n<\/div><\/div>\n\t\t<div id=\"expatries\"  data-column-margin=\"none\" data-midnight=\"dark\"  class=\"wpb_row vc_row-fluid vc_row full-width-section vc_row-o-equal-height vc_row-flex vc_row-o-content-middle  right_padding_32px left_padding_32px top_padding_tablet_64px top_padding_phone_32px bottom_padding_tablet_64px bottom_padding_phone_32px right_padding_tablet_0px left_padding_tablet_0px\"  style=\"padding-top: 96px; padding-bottom: 96px; \"><div class=\"row-bg-wrap\" data-bg-animation=\"none\" data-bg-animation-delay=\"\" data-bg-overlay=\"false\"><div class=\"inner-wrap row-bg-layer\" ><div class=\"row-bg viewport-desktop\"  style=\"\"><\/div><\/div><\/div><div class=\"row_col_wrap_12 col span_12 dark left\">\n\t<div style=\"\" class=\"vc_col-sm-6 wpb_column column_container vc_column_container col has-animation no-extra-padding column_position_relative el_spacing_0px inherit_tablet inherit_phone\" data-using-bg=\"true\" data-overlay-color=\"true\" data-bg-cover=\"true\" data-padding-pos=\"all\" data-has-bg-color=\"false\" data-bg-color=\"\" data-bg-opacity=\"1\" data-animation=\"fade-in\" data-delay=\"0\" >\n\t\t<div class=\"vc_column-inner\" ><div class=\"column-image-bg-wrap column-bg-layer viewport-desktop\" data-bg-pos=\"center center\" data-bg-animation=\"none\" data-bg-overlay=\"false\"><div class=\"inner-wrap\"><div class=\"column-image-bg\" style=\" background-image: url('https:\/\/geneva-fs.com\/wp-content\/uploads\/2024\/08\/swiss-air.jpg'); \"><\/div><\/div><\/div><div class=\"column-bg-overlay-wrap column-bg-layer\" data-bg-animation=\"none\"><div class=\"column-bg-overlay\"><\/div><div class=\"column-overlay-layer\" style=\"\"><\/div><\/div>\n\t\t\t<div class=\"wpb_wrapper\">\n\t\t\t\t<div class=\"divider-wrap height_tablet_320px\" data-alignment=\"default\"><div style=\"height: 512px;\" class=\"divider\"><\/div><\/div>\n\t\t\t<\/div> \n\t\t<\/div>\n\t<\/div> \n\n\t<div  class=\"vc_col-sm-6 wpb_column column_container vc_column_container col has-animation column_position_static el_spacing_30px left_padding_desktop_64px left_padding_tablet_0px top_padding_tablet_32px\"  data-padding-pos=\"all\" data-has-bg-color=\"false\" data-bg-color=\"\" data-bg-opacity=\"1\" data-animation=\"fade-in\" data-delay=\"0\" >\n\t\t<div class=\"vc_column-inner\" >\n\t\t\t<div class=\"wpb_wrapper\">\n\t\t\t\t\n<div class=\"wpb_text_column wpb_content_element\" >\n\t<div class=\"wpb_wrapper\">\n\t\t<h5>International<\/h5>\n<h2>Expatriates<\/h2>\n\t<\/div>\n<\/div>\n\n\n\n\n<div class=\"wpb_text_column wpb_content_element\" >\n\t<div class=\"wpb_wrapper\">\n\t\t<p>Whether you are an expatriate on assignment from abroad or a foreign employee coming to work in Switzerland, we provide comprehensive assistance upon your arrival.<\/p>\n\t<\/div>\n<\/div>\n\n\n\n<div class=\"nectar-fancy-ul font_line_height_1-6\" data-list-icon=\"icon-salient-check\" data-animation=\"false\" data-animation-delay=\"0\" data-color=\"accent-color\" data-spacing=\"10px\" data-alignment=\"left\"> \n<ul>\n<li><strong>Special tax treatments:<\/strong> We manage the specific tax regimes applicable to expatriates, ensuring that your obligations are properly handled from the start.<\/li>\n<li><strong>Insurance and social security:<\/strong> We assist you in settling in Switzerland by guiding you through insurance systems, social security, and other administrative procedures.<\/li>\n<\/ul>\n <\/div><div class=\"nectar-cta  alignment_tablet_default alignment_phone_default display_tablet_inherit display_phone_inherit\" data-color=\"default\" data-using-bg=\"false\" data-style=\"arrow-animation\" data-display=\"block\" data-alignment=\"left\" data-text-color=\"custom\" ><span style=\"color: #019640;\" class=\"nectar-button-type\"><span class=\"link_wrap\" ><a  class=\"link_text\" role=\"button\" href=\"\/en\/contact\/\"><span class=\"text\">Contact us<\/span><svg class=\"next-arrow\" aria-hidden=\"true\" width=\"20px\" height=\"25px\" viewbox=\"0 0 50 80\" xml:space=\"preserve\">\n  <polyline stroke=\"#ffffff\" stroke-width=\"9\" fill=\"none\" stroke-linecap=\"round\" stroke-linejoin=\"round\" points=\"0, 0 45, 40 0, 80\"\/>\n  <\/svg>  <span class=\"line\"  style=\"background-color: #019640;\"><\/span> <\/a><\/span><\/span><\/div>\n\t\t\t<\/div> \n\t\t<\/div>\n\t<\/div> \n<\/div><\/div>\n\t\t<div id=\"hnw\"  data-column-margin=\"none\" data-midnight=\"dark\"  class=\"wpb_row vc_row-fluid vc_row full-width-section vc_row-o-equal-height vc_row-flex vc_row-o-content-middle  right_padding_32px left_padding_32px reverse_columns_column_tablet reverse_columns_column_phone top_padding_tablet_64px top_padding_phone_32px bottom_padding_tablet_64px bottom_padding_phone_64px right_padding_tablet_0px left_padding_tablet_0px\"  style=\"padding-top: 96px; padding-bottom: 96px; \"><div class=\"row-bg-wrap\" data-bg-animation=\"none\" data-bg-animation-delay=\"\" data-bg-overlay=\"false\"><div class=\"inner-wrap row-bg-layer\" ><div class=\"row-bg viewport-desktop\"  style=\"\"><\/div><\/div><\/div><div class=\"row_col_wrap_12 col span_12 dark left\">\n\t<div  class=\"vc_col-sm-6 wpb_column column_container vc_column_container col has-animation column_position_static el_spacing_30px top_padding_tablet_32px right_padding_desktop_64px right_padding_tablet_0px\"  data-padding-pos=\"all\" data-has-bg-color=\"false\" data-bg-color=\"\" data-bg-opacity=\"1\" data-animation=\"fade-in\" data-delay=\"0\" >\n\t\t<div class=\"vc_column-inner\" >\n\t\t\t<div class=\"wpb_wrapper\">\n\t\t\t\t\n<div class=\"wpb_text_column wpb_content_element\" >\n\t<div class=\"wpb_wrapper\">\n\t\t<h5>HNW \/ UHNW<\/h5>\n<h2>High Net Worth<\/h2>\n\t<\/div>\n<\/div>\n\n\n\n\n<div class=\"wpb_text_column wpb_content_element\" >\n\t<div class=\"wpb_wrapper\">\n\t\t<p>For wealthy individuals who wish to establish themselves in Switzerland under the lump-sum taxation regime, we offer highly specialized services.<\/p>\n\t<\/div>\n<\/div>\n\n\n\n<div class=\"nectar-fancy-ul font_line_height_1-6\" data-list-icon=\"icon-salient-check\" data-animation=\"false\" data-animation-delay=\"0\" data-color=\"accent-color\" data-spacing=\"10px\" data-alignment=\"left\"> \n<ul>\n<li><strong>Immigration services:<\/strong> Comprehensive support in obtaining a residence permit in Switzerland.<\/li>\n<li><strong>Negotiation of lump-sum tax agreements:<\/strong> We negotiate favorable tax conditions for you in different cantons of French-speaking Switzerland, based on your specific needs.<\/li>\n<li><strong>Family office services:<\/strong> We provide a range of services tailored to HNW and UHNW individuals, including real estate assistance and other luxury concierge services.<\/li>\n<\/ul>\n <\/div><div class=\"nectar-cta  alignment_tablet_default alignment_phone_default display_tablet_inherit display_phone_inherit\" data-color=\"default\" data-using-bg=\"false\" data-style=\"arrow-animation\" data-display=\"block\" data-alignment=\"left\" data-text-color=\"custom\" ><span style=\"color: #019640;\" class=\"nectar-button-type\"><span class=\"link_wrap\" ><a  class=\"link_text\" role=\"button\" href=\"\/en\/contact\/\"><span class=\"text\">Contact us<\/span><svg class=\"next-arrow\" aria-hidden=\"true\" width=\"20px\" height=\"25px\" viewbox=\"0 0 50 80\" xml:space=\"preserve\">\n  <polyline stroke=\"#ffffff\" stroke-width=\"9\" fill=\"none\" stroke-linecap=\"round\" stroke-linejoin=\"round\" points=\"0, 0 45, 40 0, 80\"\/>\n  <\/svg>  <span class=\"line\"  style=\"background-color: #019640;\"><\/span> <\/a><\/span><\/span><\/div>\n\t\t\t<\/div> \n\t\t<\/div>\n\t<\/div> \n\n\t<div style=\"\" class=\"vc_col-sm-6 wpb_column column_container vc_column_container col has-animation column_position_relative el_spacing_0px col-overflow-hidden\" data-using-bg=\"true\" data-overlay-color=\"true\" data-bg-cover=\"true\" data-padding-pos=\"all\" data-has-bg-color=\"false\" data-bg-color=\"\" data-bg-opacity=\"1\" data-animation=\"fade-in\" data-delay=\"0\" >\n\t\t<div class=\"vc_column-inner\" ><div class=\"column-image-bg-wrap column-bg-layer viewport-desktop\" data-bg-pos=\"center center\" data-bg-animation=\"none\" data-bg-overlay=\"false\"><div class=\"inner-wrap\"><div class=\"column-image-bg\" style=\" background-image: url('https:\/\/geneva-fs.com\/wp-content\/uploads\/2024\/08\/lake-geneva-aerial.jpg'); \"><\/div><\/div><\/div><div class=\"column-bg-overlay-wrap column-bg-layer\" data-bg-animation=\"none\"><div class=\"column-bg-overlay\"><\/div><div class=\"column-overlay-layer\" style=\"\"><\/div><\/div>\n\t\t\t<div class=\"wpb_wrapper\">\n\t\t\t\t<div class=\"divider-wrap height_tablet_320px\" data-alignment=\"default\"><div style=\"height: 512px;\" class=\"divider\"><\/div><\/div>\n\t\t\t<\/div> \n\t\t<\/div>\n\t<\/div> \n<\/div><\/div>\n\t\t<div id=\"fws_69e18b838814f\"  data-column-margin=\"default\" data-midnight=\"light\"  class=\"wpb_row vc_row-fluid vc_row full-width-section\"  style=\"padding-top: 160px; padding-bottom: 160px; \"><div class=\"row-bg-wrap\" data-bg-animation=\"none\" data-bg-animation-delay=\"\" data-bg-overlay=\"true\"><div class=\"inner-wrap row-bg-layer using-image\" ><div class=\"row-bg viewport-desktop using-image\"  style=\"background-image: url(https:\/\/geneva-fs.com\/wp-content\/uploads\/2024\/07\/Office-Desk.jpg); background-position: center center; background-repeat: no-repeat; \"><\/div><\/div><div class=\"row-bg-overlay row-bg-layer\" style=\"background-color:#000000;  opacity: 0.3; \"><\/div><\/div><div class=\"row_col_wrap_12 col span_12 light left\">\n\t<div  class=\"vc_col-sm-12 wpb_column column_container vc_column_container col centered-text no-extra-padding inherit_tablet inherit_phone\"  data-padding-pos=\"all\" data-has-bg-color=\"false\" data-bg-color=\"\" data-bg-opacity=\"1\" data-animation=\"\" data-delay=\"0\" >\n\t\t<div class=\"vc_column-inner\" >\n\t\t\t<div class=\"wpb_wrapper\">\n\t\t\t\t<div class=\"nectar-responsive-text nectar-link-underline-effect\"><h1>Contact us<\/h1>\n<\/div><div class=\"nectar-responsive-text nectar-link-underline-effect\" style=\"max-width: 540px;\"><p>Contact us today to discover how Geneva Financial Services SA can help you navigate the fiscal and administrative complexities in Switzerland, offering personalized solutions tailored to your unique needs.<\/p>\n<\/div><div class=\"nectar-cta  border_color_cccccc hover_border_color_ffffff border_thickness_1px alignment_tablet_default alignment_phone_default display_tablet_inherit display_phone_inherit\" data-color=\"default\" data-using-bg=\"false\" data-style=\"arrow-animation\" data-display=\"block\" data-alignment=\"center\" data-text-color=\"std\" style=\"margin-top: 48px; \"><h6><span class=\"link_wrap\" style=\"padding-top: 12px; padding-right: 32px; padding-bottom: 12px; padding-left: 32px;\"><a  class=\"link_text\" role=\"button\" href=\"\/en\/contact\/\"><span class=\"text\">Contact us<\/span><svg class=\"next-arrow\" aria-hidden=\"true\" width=\"20px\" height=\"25px\" viewbox=\"0 0 50 80\" xml:space=\"preserve\">\n  <polyline stroke=\"#ffffff\" stroke-width=\"9\" fill=\"none\" stroke-linecap=\"round\" stroke-linejoin=\"round\" points=\"0, 0 45, 40 0, 80\"\/>\n  <\/svg>  <span class=\"line\" ><\/span> <\/a><\/span><\/h6><\/div>\n\t\t\t<\/div> \n\t\t<\/div>\n\t<\/div> \n<\/div><\/div>","protected":false},"excerpt":{"rendered":"Services pour les expatri\u00e9s Geneva Financial Solutions SA accompagne les expatri\u00e9s en Suisse, notamment \u00e0 Gen\u00e8ve et dans d'autres cantons. Forts de notre expertise et de notre connaissance des r\u00e9glementations...","protected":false},"author":1,"featured_media":0,"parent":0,"menu_order":0,"comment_status":"closed","ping_status":"closed","template":"","meta":{"footnotes":""},"class_list":["post-816","page","type-page","status-publish"],"yoast_head":"<!-- This site is optimized with the Yoast SEO plugin v27.4 - https:\/\/yoast.com\/product\/yoast-seo-wordpress\/ -->\n<title>International - Geneva Financial Solutions<\/title>\n<meta name=\"robots\" content=\"index, follow, max-snippet:-1, max-image-preview:large, max-video-preview:-1\" \/>\n<link rel=\"canonical\" href=\"https:\/\/geneva-fs.com\/en\/international\/\" \/>\n<meta property=\"og:locale\" content=\"en_US\" \/>\n<meta property=\"og:type\" content=\"article\" \/>\n<meta property=\"og:title\" content=\"International - Geneva Financial Solutions\" \/>\n<meta property=\"og:url\" content=\"https:\/\/geneva-fs.com\/en\/international\/\" \/>\n<meta property=\"og:site_name\" content=\"Geneva Financial Solutions\" \/>\n<meta property=\"article:modified_time\" content=\"2024-08-24T08:21:32+00:00\" \/>\n<meta name=\"twitter:card\" content=\"summary_large_image\" \/>\n<meta name=\"twitter:label1\" content=\"Est. reading time\" \/>\n\t<meta name=\"twitter:data1\" content=\"11 minutes\" \/>\n<script type=\"application\/ld+json\" class=\"yoast-schema-graph\">{\"@context\":\"https:\\\/\\\/schema.org\",\"@graph\":[{\"@type\":\"WebPage\",\"@id\":\"https:\\\/\\\/geneva-fs.com\\\/international\\\/\",\"url\":\"https:\\\/\\\/geneva-fs.com\\\/international\\\/\",\"name\":\"International - Geneva Financial Solutions\",\"isPartOf\":{\"@id\":\"https:\\\/\\\/geneva-fs.com\\\/#website\"},\"datePublished\":\"2024-08-23T10:18:20+00:00\",\"dateModified\":\"2024-08-24T08:21:32+00:00\",\"breadcrumb\":{\"@id\":\"https:\\\/\\\/geneva-fs.com\\\/international\\\/#breadcrumb\"},\"inLanguage\":\"en-US\",\"potentialAction\":[{\"@type\":\"ReadAction\",\"target\":[\"https:\\\/\\\/geneva-fs.com\\\/international\\\/\"]}]},{\"@type\":\"BreadcrumbList\",\"@id\":\"https:\\\/\\\/geneva-fs.com\\\/international\\\/#breadcrumb\",\"itemListElement\":[{\"@type\":\"ListItem\",\"position\":1,\"name\":\"Home\",\"item\":\"https:\\\/\\\/geneva-fs.com\\\/\"},{\"@type\":\"ListItem\",\"position\":2,\"name\":\"International\"}]},{\"@type\":\"WebSite\",\"@id\":\"https:\\\/\\\/geneva-fs.com\\\/#website\",\"url\":\"https:\\\/\\\/geneva-fs.com\\\/\",\"name\":\"Geneva Financial Solutions\",\"description\":\"\",\"publisher\":{\"@id\":\"https:\\\/\\\/geneva-fs.com\\\/#organization\"},\"potentialAction\":[{\"@type\":\"SearchAction\",\"target\":{\"@type\":\"EntryPoint\",\"urlTemplate\":\"https:\\\/\\\/geneva-fs.com\\\/?s={search_term_string}\"},\"query-input\":{\"@type\":\"PropertyValueSpecification\",\"valueRequired\":true,\"valueName\":\"search_term_string\"}}],\"inLanguage\":\"en-US\"},{\"@type\":\"Organization\",\"@id\":\"https:\\\/\\\/geneva-fs.com\\\/#organization\",\"name\":\"Geneva Financial Solutions\",\"url\":\"https:\\\/\\\/geneva-fs.com\\\/\",\"logo\":{\"@type\":\"ImageObject\",\"inLanguage\":\"en-US\",\"@id\":\"https:\\\/\\\/geneva-fs.com\\\/#\\\/schema\\\/logo\\\/image\\\/\",\"url\":\"https:\\\/\\\/geneva-fs.com\\\/wp-content\\\/uploads\\\/2024\\\/08\\\/Geneva-FS-Logo-Dark.png\",\"contentUrl\":\"https:\\\/\\\/geneva-fs.com\\\/wp-content\\\/uploads\\\/2024\\\/08\\\/Geneva-FS-Logo-Dark.png\",\"width\":659,\"height\":296,\"caption\":\"Geneva Financial Solutions\"},\"image\":{\"@id\":\"https:\\\/\\\/geneva-fs.com\\\/#\\\/schema\\\/logo\\\/image\\\/\"}}]}<\/script>\n<!-- \/ Yoast SEO plugin. -->","yoast_head_json":{"title":"International - Geneva Financial Solutions","robots":{"index":"index","follow":"follow","max-snippet":"max-snippet:-1","max-image-preview":"max-image-preview:large","max-video-preview":"max-video-preview:-1"},"canonical":"https:\/\/geneva-fs.com\/en\/international\/","og_locale":"en_US","og_type":"article","og_title":"International - Geneva Financial Solutions","og_url":"https:\/\/geneva-fs.com\/en\/international\/","og_site_name":"Geneva Financial Solutions","article_modified_time":"2024-08-24T08:21:32+00:00","twitter_card":"summary_large_image","twitter_misc":{"Est. reading time":"11 minutes"},"schema":{"@context":"https:\/\/schema.org","@graph":[{"@type":"WebPage","@id":"https:\/\/geneva-fs.com\/international\/","url":"https:\/\/geneva-fs.com\/international\/","name":"International - Geneva Financial Solutions","isPartOf":{"@id":"https:\/\/geneva-fs.com\/#website"},"datePublished":"2024-08-23T10:18:20+00:00","dateModified":"2024-08-24T08:21:32+00:00","breadcrumb":{"@id":"https:\/\/geneva-fs.com\/international\/#breadcrumb"},"inLanguage":"en-US","potentialAction":[{"@type":"ReadAction","target":["https:\/\/geneva-fs.com\/international\/"]}]},{"@type":"BreadcrumbList","@id":"https:\/\/geneva-fs.com\/international\/#breadcrumb","itemListElement":[{"@type":"ListItem","position":1,"name":"Home","item":"https:\/\/geneva-fs.com\/"},{"@type":"ListItem","position":2,"name":"International"}]},{"@type":"WebSite","@id":"https:\/\/geneva-fs.com\/#website","url":"https:\/\/geneva-fs.com\/","name":"Geneva Financial Solutions","description":"","publisher":{"@id":"https:\/\/geneva-fs.com\/#organization"},"potentialAction":[{"@type":"SearchAction","target":{"@type":"EntryPoint","urlTemplate":"https:\/\/geneva-fs.com\/?s={search_term_string}"},"query-input":{"@type":"PropertyValueSpecification","valueRequired":true,"valueName":"search_term_string"}}],"inLanguage":"en-US"},{"@type":"Organization","@id":"https:\/\/geneva-fs.com\/#organization","name":"Geneva Financial Solutions","url":"https:\/\/geneva-fs.com\/","logo":{"@type":"ImageObject","inLanguage":"en-US","@id":"https:\/\/geneva-fs.com\/#\/schema\/logo\/image\/","url":"https:\/\/geneva-fs.com\/wp-content\/uploads\/2024\/08\/Geneva-FS-Logo-Dark.png","contentUrl":"https:\/\/geneva-fs.com\/wp-content\/uploads\/2024\/08\/Geneva-FS-Logo-Dark.png","width":659,"height":296,"caption":"Geneva Financial Solutions"},"image":{"@id":"https:\/\/geneva-fs.com\/#\/schema\/logo\/image\/"}}]}},"_links":{"self":[{"href":"https:\/\/geneva-fs.com\/en\/wp-json\/wp\/v2\/pages\/816","targetHints":{"allow":["GET"]}}],"collection":[{"href":"https:\/\/geneva-fs.com\/en\/wp-json\/wp\/v2\/pages"}],"about":[{"href":"https:\/\/geneva-fs.com\/en\/wp-json\/wp\/v2\/types\/page"}],"author":[{"embeddable":true,"href":"https:\/\/geneva-fs.com\/en\/wp-json\/wp\/v2\/users\/1"}],"replies":[{"embeddable":true,"href":"https:\/\/geneva-fs.com\/en\/wp-json\/wp\/v2\/comments?post=816"}],"version-history":[{"count":13,"href":"https:\/\/geneva-fs.com\/en\/wp-json\/wp\/v2\/pages\/816\/revisions"}],"predecessor-version":[{"id":875,"href":"https:\/\/geneva-fs.com\/en\/wp-json\/wp\/v2\/pages\/816\/revisions\/875"}],"wp:attachment":[{"href":"https:\/\/geneva-fs.com\/en\/wp-json\/wp\/v2\/media?parent=816"}],"curies":[{"name":"wp","href":"https:\/\/api.w.org\/{rel}","templated":true}]}}