{"id":557,"date":"2024-08-11T15:54:59","date_gmt":"2024-08-11T15:54:59","guid":{"rendered":"https:\/\/geneva-fs.truthand.co\/?page_id=557"},"modified":"2024-08-19T18:00:31","modified_gmt":"2024-08-19T18:00:31","slug":"contact","status":"publish","type":"page","link":"https:\/\/geneva-fs.com\/en\/contact\/","title":{"rendered":"Contact"},"content":{"rendered":"<div id=\"intro\"  data-column-margin=\"default\" data-midnight=\"dark\"  class=\"wpb_row vc_row-fluid vc_row full-width-content vc_row-o-equal-height vc_row-flex vc_row-o-content-middle  reverse_columns_column_tablet\"  style=\"padding-top: 0px; padding-bottom: 0px; \"><div class=\"row-bg-wrap\" data-bg-animation=\"none\" data-bg-animation-delay=\"\" data-bg-overlay=\"false\"><div class=\"inner-wrap row-bg-layer\" ><div class=\"row-bg viewport-desktop\"  style=\"\"><\/div><\/div><\/div><div class=\"row_col_wrap_12 col span_12 dark left\">\n\t<div  class=\"vc_col-sm-6 wpb_column column_container vc_column_container col left_padding_desktop_12pct left_padding_tablet_6pct top_padding_desktop_64px right_padding_desktop_12pct right_padding_tablet_6pct bottom_padding_desktop_64px\"  data-padding-pos=\"all\" data-has-bg-color=\"false\" data-bg-color=\"\" data-bg-opacity=\"1\" data-animation=\"\" data-delay=\"0\" >\n\t\t<div class=\"vc_column-inner\" >\n\t\t\t<div class=\"wpb_wrapper\">\n\t\t\t\t\n<div class=\"wpb_text_column wpb_content_element\" >\n\t<div class=\"wpb_wrapper\">\n\t\t<h2>Contact us<\/h2>\n<p>Contact us today\u00a0to schedule a consultation and learn how we can assist you in achieving your financial objectives with precision and excellence.<\/p>\n\t<\/div>\n<\/div>\n\n\n\n<div class=\"nectar-fancy-ul\" data-list-icon=\"icon-salient-thin-line\" data-animation=\"false\" data-animation-delay=\"0\" data-color=\"accent-color\" data-spacing=\"10px\" data-alignment=\"left\"> \n<ul>\n<li><a href=\"mailto:info@geneva-fs.com\" target=\"_blank\" rel=\"noopener\">info@geneva-fs.com<\/a><\/li>\n<li>+41 22 566 01 65<\/li>\n<\/ul>\n <\/div>\n\t\t\t<\/div> \n\t\t<\/div>\n\t<\/div> \n\n\t<div  class=\"vc_col-sm-6 wpb_column column_container vc_column_container col no-extra-padding el_spacing_0px inherit_tablet inherit_phone\"  data-padding-pos=\"all\" data-has-bg-color=\"false\" data-bg-color=\"\" data-bg-opacity=\"1\" data-animation=\"\" data-delay=\"0\" >\n\t\t<div class=\"vc_column-inner\" >\n\t\t\t<div class=\"wpb_wrapper\">\n\t\t\t\t<div id=\"map_69e17717de888\" style=\"height: 640px;\" class=\"nectar-google-map\" data-infowindow-start-open=\"\" data-dark-color-scheme=\"\" data-marker-style=\"nectar\" data-nectar-marker-color=\"accent-color\" data-ultra-flat=\"\" data-greyscale=\"1\" data-extra-color=\"\" data-enable-animation=\"false\" data-enable-zoom=\"\" data-zoom-level=\"13\" data-center-lat=\"46.2061434\" data-center-lng=\"6.1271218\" data-marker-img=\"\"><\/div><div class=\"map_69e17717de888 map-marker-list\"><div class=\"map-marker\" data-marker-image-width=\"50\" data-marker-image-height=\"50\" data-lat=\"46.2061434\" data-lng=\"6.1271218\" data-mapinfo=\"Rue Charles-Giron 8, 1203 Gen\u00e8ve\"><\/div><\/div>\n\t\t\t<\/div> \n\t\t<\/div>\n\t<\/div> \n<\/div><\/div>","protected":false},"excerpt":{"rendered":"Contactez-nous Contactez-nous d\u00e8s aujourd'hui pour planifier une consultation et d\u00e9couvrir comment nous pouvons vous aider \u00e0 atteindre vos objectifs financiers avec pr\u00e9cision et excellence. info@geneva-fs.com +41 22 566 01 65","protected":false},"author":1,"featured_media":0,"parent":0,"menu_order":0,"comment_status":"closed","ping_status":"closed","template":"","meta":{"footnotes":""},"class_list":["post-557","page","type-page","status-publish"],"yoast_head":"<!-- This site is optimized with the Yoast SEO plugin v27.4 - https:\/\/yoast.com\/product\/yoast-seo-wordpress\/ -->\n<title>Contact - Geneva Financial Solutions<\/title>\n<meta name=\"robots\" content=\"index, follow, max-snippet:-1, max-image-preview:large, max-video-preview:-1\" \/>\n<link rel=\"canonical\" href=\"https:\/\/geneva-fs.com\/en\/contact\/\" \/>\n<meta property=\"og:locale\" content=\"en_US\" \/>\n<meta property=\"og:type\" content=\"article\" \/>\n<meta property=\"og:title\" content=\"Contact - Geneva Financial Solutions\" \/>\n<meta property=\"og:url\" content=\"https:\/\/geneva-fs.com\/en\/contact\/\" \/>\n<meta property=\"og:site_name\" content=\"Geneva Financial Solutions\" \/>\n<meta property=\"article:modified_time\" content=\"2024-08-19T18:00:31+00:00\" \/>\n<meta name=\"twitter:card\" content=\"summary_large_image\" \/>\n<meta name=\"twitter:label1\" content=\"Est. reading time\" \/>\n\t<meta name=\"twitter:data1\" content=\"2 minutes\" \/>\n<script type=\"application\/ld+json\" class=\"yoast-schema-graph\">{\"@context\":\"https:\\\/\\\/schema.org\",\"@graph\":[{\"@type\":\"WebPage\",\"@id\":\"https:\\\/\\\/geneva-fs.com\\\/contact\\\/\",\"url\":\"https:\\\/\\\/geneva-fs.com\\\/contact\\\/\",\"name\":\"Contact - Geneva Financial Solutions\",\"isPartOf\":{\"@id\":\"https:\\\/\\\/geneva-fs.com\\\/#website\"},\"datePublished\":\"2024-08-11T15:54:59+00:00\",\"dateModified\":\"2024-08-19T18:00:31+00:00\",\"breadcrumb\":{\"@id\":\"https:\\\/\\\/geneva-fs.com\\\/contact\\\/#breadcrumb\"},\"inLanguage\":\"en-US\",\"potentialAction\":[{\"@type\":\"ReadAction\",\"target\":[\"https:\\\/\\\/geneva-fs.com\\\/contact\\\/\"]}]},{\"@type\":\"BreadcrumbList\",\"@id\":\"https:\\\/\\\/geneva-fs.com\\\/contact\\\/#breadcrumb\",\"itemListElement\":[{\"@type\":\"ListItem\",\"position\":1,\"name\":\"Home\",\"item\":\"https:\\\/\\\/geneva-fs.com\\\/\"},{\"@type\":\"ListItem\",\"position\":2,\"name\":\"Contact\"}]},{\"@type\":\"WebSite\",\"@id\":\"https:\\\/\\\/geneva-fs.com\\\/#website\",\"url\":\"https:\\\/\\\/geneva-fs.com\\\/\",\"name\":\"Geneva Financial Solutions\",\"description\":\"\",\"publisher\":{\"@id\":\"https:\\\/\\\/geneva-fs.com\\\/#organization\"},\"potentialAction\":[{\"@type\":\"SearchAction\",\"target\":{\"@type\":\"EntryPoint\",\"urlTemplate\":\"https:\\\/\\\/geneva-fs.com\\\/?s={search_term_string}\"},\"query-input\":{\"@type\":\"PropertyValueSpecification\",\"valueRequired\":true,\"valueName\":\"search_term_string\"}}],\"inLanguage\":\"en-US\"},{\"@type\":\"Organization\",\"@id\":\"https:\\\/\\\/geneva-fs.com\\\/#organization\",\"name\":\"Geneva Financial Solutions\",\"url\":\"https:\\\/\\\/geneva-fs.com\\\/\",\"logo\":{\"@type\":\"ImageObject\",\"inLanguage\":\"en-US\",\"@id\":\"https:\\\/\\\/geneva-fs.com\\\/#\\\/schema\\\/logo\\\/image\\\/\",\"url\":\"https:\\\/\\\/geneva-fs.com\\\/wp-content\\\/uploads\\\/2024\\\/08\\\/Geneva-FS-Logo-Dark.png\",\"contentUrl\":\"https:\\\/\\\/geneva-fs.com\\\/wp-content\\\/uploads\\\/2024\\\/08\\\/Geneva-FS-Logo-Dark.png\",\"width\":659,\"height\":296,\"caption\":\"Geneva Financial Solutions\"},\"image\":{\"@id\":\"https:\\\/\\\/geneva-fs.com\\\/#\\\/schema\\\/logo\\\/image\\\/\"}}]}<\/script>\n<!-- \/ Yoast SEO plugin. -->","yoast_head_json":{"title":"Contact - Geneva Financial Solutions","robots":{"index":"index","follow":"follow","max-snippet":"max-snippet:-1","max-image-preview":"max-image-preview:large","max-video-preview":"max-video-preview:-1"},"canonical":"https:\/\/geneva-fs.com\/en\/contact\/","og_locale":"en_US","og_type":"article","og_title":"Contact - Geneva Financial Solutions","og_url":"https:\/\/geneva-fs.com\/en\/contact\/","og_site_name":"Geneva Financial Solutions","article_modified_time":"2024-08-19T18:00:31+00:00","twitter_card":"summary_large_image","twitter_misc":{"Est. reading time":"2 minutes"},"schema":{"@context":"https:\/\/schema.org","@graph":[{"@type":"WebPage","@id":"https:\/\/geneva-fs.com\/contact\/","url":"https:\/\/geneva-fs.com\/contact\/","name":"Contact - Geneva Financial Solutions","isPartOf":{"@id":"https:\/\/geneva-fs.com\/#website"},"datePublished":"2024-08-11T15:54:59+00:00","dateModified":"2024-08-19T18:00:31+00:00","breadcrumb":{"@id":"https:\/\/geneva-fs.com\/contact\/#breadcrumb"},"inLanguage":"en-US","potentialAction":[{"@type":"ReadAction","target":["https:\/\/geneva-fs.com\/contact\/"]}]},{"@type":"BreadcrumbList","@id":"https:\/\/geneva-fs.com\/contact\/#breadcrumb","itemListElement":[{"@type":"ListItem","position":1,"name":"Home","item":"https:\/\/geneva-fs.com\/"},{"@type":"ListItem","position":2,"name":"Contact"}]},{"@type":"WebSite","@id":"https:\/\/geneva-fs.com\/#website","url":"https:\/\/geneva-fs.com\/","name":"Geneva Financial Solutions","description":"","publisher":{"@id":"https:\/\/geneva-fs.com\/#organization"},"potentialAction":[{"@type":"SearchAction","target":{"@type":"EntryPoint","urlTemplate":"https:\/\/geneva-fs.com\/?s={search_term_string}"},"query-input":{"@type":"PropertyValueSpecification","valueRequired":true,"valueName":"search_term_string"}}],"inLanguage":"en-US"},{"@type":"Organization","@id":"https:\/\/geneva-fs.com\/#organization","name":"Geneva Financial Solutions","url":"https:\/\/geneva-fs.com\/","logo":{"@type":"ImageObject","inLanguage":"en-US","@id":"https:\/\/geneva-fs.com\/#\/schema\/logo\/image\/","url":"https:\/\/geneva-fs.com\/wp-content\/uploads\/2024\/08\/Geneva-FS-Logo-Dark.png","contentUrl":"https:\/\/geneva-fs.com\/wp-content\/uploads\/2024\/08\/Geneva-FS-Logo-Dark.png","width":659,"height":296,"caption":"Geneva Financial Solutions"},"image":{"@id":"https:\/\/geneva-fs.com\/#\/schema\/logo\/image\/"}}]}},"_links":{"self":[{"href":"https:\/\/geneva-fs.com\/en\/wp-json\/wp\/v2\/pages\/557","targetHints":{"allow":["GET"]}}],"collection":[{"href":"https:\/\/geneva-fs.com\/en\/wp-json\/wp\/v2\/pages"}],"about":[{"href":"https:\/\/geneva-fs.com\/en\/wp-json\/wp\/v2\/types\/page"}],"author":[{"embeddable":true,"href":"https:\/\/geneva-fs.com\/en\/wp-json\/wp\/v2\/users\/1"}],"replies":[{"embeddable":true,"href":"https:\/\/geneva-fs.com\/en\/wp-json\/wp\/v2\/comments?post=557"}],"version-history":[{"count":18,"href":"https:\/\/geneva-fs.com\/en\/wp-json\/wp\/v2\/pages\/557\/revisions"}],"predecessor-version":[{"id":804,"href":"https:\/\/geneva-fs.com\/en\/wp-json\/wp\/v2\/pages\/557\/revisions\/804"}],"wp:attachment":[{"href":"https:\/\/geneva-fs.com\/en\/wp-json\/wp\/v2\/media?parent=557"}],"curies":[{"name":"wp","href":"https:\/\/api.w.org\/{rel}","templated":true}]}}